{"id":117,"date":"2025-02-07T04:14:12","date_gmt":"2025-02-07T04:14:12","guid":{"rendered":"https:\/\/adecor.eu\/production\/?post_type=product&#038;p=117"},"modified":"2025-11-09T05:12:16","modified_gmt":"2025-11-09T05:12:16","slug":"tria-wave-snow-fresh-detergent-lichid-pentru-rufe-albe","status":"publish","type":"product","link":"https:\/\/adecor.eu\/production\/produs\/tria-wave-snow-fresh-detergent-lichid-pentru-rufe-albe\/","title":{"rendered":"TRIA WAVE SNOW FRESHNESS detergent lichid pentru rufe albe"},"content":{"rendered":"<p><img fetchpriority=\"high\" decoding=\"async\" class=\"alignnone size-large wp-image-118\" src=\"https:\/\/adecor.eu\/production\/wp-content\/uploads\/sites\/2\/2025\/02\/DSC05520-1024x1024.png\" alt=\"\" width=\"1024\" height=\"1024\" srcset=\"https:\/\/adecor.eu\/production\/wp-content\/uploads\/sites\/2\/2025\/02\/DSC05520-1024x1024.png 1024w, https:\/\/adecor.eu\/production\/wp-content\/uploads\/sites\/2\/2025\/02\/DSC05520-300x300.png 300w, https:\/\/adecor.eu\/production\/wp-content\/uploads\/sites\/2\/2025\/02\/DSC05520-150x150.png 150w, https:\/\/adecor.eu\/production\/wp-content\/uploads\/sites\/2\/2025\/02\/DSC05520-768x768.png 768w, https:\/\/adecor.eu\/production\/wp-content\/uploads\/sites\/2\/2025\/02\/DSC05520-1536x1536.png 1536w, https:\/\/adecor.eu\/production\/wp-content\/uploads\/sites\/2\/2025\/02\/DSC05520-2048x2048.png 2048w, https:\/\/adecor.eu\/production\/wp-content\/uploads\/sites\/2\/2025\/02\/DSC05520-600x600.png 600w, https:\/\/adecor.eu\/production\/wp-content\/uploads\/sites\/2\/2025\/02\/DSC05520-100x100.png 100w\" sizes=\"(max-width: 1024px) 100vw, 1024px\" \/><\/p>\n","protected":false},"excerpt":{"rendered":"<p><strong>Tria Wave \u2013 Puterea valului de prospe\u021bime \u00een fiecare sp\u0103lare!\u00a0<\/strong><\/p>\n<p><strong>Cur\u0103\u021benie, parfum revigorant, protec\u021bie pentru \u021bes\u0103turi.<\/strong><\/p>\n<p><strong>\u00cendep\u0103rteaz\u0103 petele dificile<\/strong> \u00eenc\u0103 de la prima sp\u0103lare!<br \/>\n<strong>P\u0103streaz\u0103 culorile str\u0103lucitoare<\/strong> \u0219i \u021bes\u0103turile moi!<br \/>\n<strong>Eficient chiar \u0219i la temperaturi sc\u0103zute<\/strong>, economisind energie!<br \/>\n<strong>Parfum proasp\u0103t de lung\u0103 durat\u0103!<\/strong><br \/>\n<b>Ideal pentru rufe albe, <\/b>contine inalbitor optic pentru a asigura haine de\u00a0 un alb stralucitor!<\/p>\n<p><strong>Descoper\u0103 puterea Tria Wave \u0219i transform\u0103 fiecare sp\u0103lare \u00eentr-o experien\u021b\u0103 fresh!<\/strong><\/p>\n<p>&nbsp;<\/p>\n","protected":false},"featured_media":118,"template":"","meta":[],"product_brand":[],"product_cat":[22],"product_tag":[53,54],"class_list":{"0":"post-117","1":"product","2":"type-product","3":"status-publish","4":"has-post-thumbnail","6":"product_cat-detergenti-profesionali","7":"product_tag-detergent-lichid","8":"product_tag-detergent-lichid-pentru-rufe-albe","10":"first","11":"instock","12":"shipping-taxable","13":"product-type-simple"},"yoast_head":"<!-- This site is optimized with the Yoast SEO plugin v24.5 - https:\/\/yoast.com\/wordpress\/plugins\/seo\/ -->\n<title>TRIA WAVE SNOW FRESHNESS detergent lichid pentru rufe albe - Adecor Production<\/title>\n<meta name=\"description\" content=\"Eficient chiar \u0219i la temperaturi sc\u0103zute, economisind energie, ideal pentru rufe albe, contine inalbitor optic pentru a asigura haine de un alb stralucitor!\" \/>\n<meta name=\"robots\" content=\"index, follow, max-snippet:-1, max-image-preview:large, max-video-preview:-1\" \/>\n<link rel=\"canonical\" href=\"https:\/\/adecor.eu\/production\/produs\/tria-wave-snow-fresh-detergent-lichid-pentru-rufe-albe\/\" \/>\n<meta property=\"og:locale\" content=\"ro_RO\" \/>\n<meta property=\"og:type\" content=\"article\" \/>\n<meta property=\"og:title\" content=\"TRIA WAVE SNOW FRESHNESS detergent lichid pentru rufe albe - Adecor Production\" \/>\n<meta property=\"og:description\" content=\"Eficient chiar \u0219i la temperaturi sc\u0103zute, economisind energie, ideal pentru rufe albe, contine inalbitor optic pentru a asigura haine de un alb stralucitor!\" \/>\n<meta property=\"og:url\" content=\"https:\/\/adecor.eu\/production\/produs\/tria-wave-snow-fresh-detergent-lichid-pentru-rufe-albe\/\" \/>\n<meta property=\"og:site_name\" content=\"Adecor Production\" \/>\n<meta property=\"article:modified_time\" content=\"2025-11-09T05:12:16+00:00\" \/>\n<meta property=\"og:image\" content=\"https:\/\/adecor.eu\/production\/wp-content\/uploads\/sites\/2\/2025\/02\/DSC05520-1024x1024.png\" \/>\n\t<meta property=\"og:image:width\" content=\"1024\" \/>\n\t<meta property=\"og:image:height\" content=\"1024\" \/>\n\t<meta property=\"og:image:type\" content=\"image\/png\" \/>\n<meta name=\"twitter:card\" content=\"summary_large_image\" \/>\n<meta name=\"twitter:label1\" content=\"Timp estimat pentru citire\" \/>\n\t<meta name=\"twitter:data1\" content=\"1 minut\" \/>\n<script type=\"application\/ld+json\" class=\"yoast-schema-graph\">{\"@context\":\"https:\/\/schema.org\",\"@graph\":[{\"@type\":\"WebPage\",\"@id\":\"https:\/\/adecor.eu\/production\/produs\/tria-wave-snow-fresh-detergent-lichid-pentru-rufe-albe\/\",\"url\":\"https:\/\/adecor.eu\/production\/produs\/tria-wave-snow-fresh-detergent-lichid-pentru-rufe-albe\/\",\"name\":\"TRIA WAVE SNOW FRESHNESS detergent lichid pentru rufe albe - Adecor Production\",\"isPartOf\":{\"@id\":\"https:\/\/adecor.eu\/production\/#website\"},\"primaryImageOfPage\":{\"@id\":\"https:\/\/adecor.eu\/production\/produs\/tria-wave-snow-fresh-detergent-lichid-pentru-rufe-albe\/#primaryimage\"},\"image\":{\"@id\":\"https:\/\/adecor.eu\/production\/produs\/tria-wave-snow-fresh-detergent-lichid-pentru-rufe-albe\/#primaryimage\"},\"thumbnailUrl\":\"https:\/\/adecor.eu\/production\/wp-content\/uploads\/sites\/2\/2025\/02\/DSC05520.png\",\"datePublished\":\"2025-02-07T04:14:12+00:00\",\"dateModified\":\"2025-11-09T05:12:16+00:00\",\"description\":\"Eficient chiar \u0219i la temperaturi sc\u0103zute, economisind energie, ideal pentru rufe albe, contine inalbitor optic pentru a asigura haine de un alb stralucitor!\",\"breadcrumb\":{\"@id\":\"https:\/\/adecor.eu\/production\/produs\/tria-wave-snow-fresh-detergent-lichid-pentru-rufe-albe\/#breadcrumb\"},\"inLanguage\":\"ro-RO\",\"potentialAction\":[{\"@type\":\"ReadAction\",\"target\":[\"https:\/\/adecor.eu\/production\/produs\/tria-wave-snow-fresh-detergent-lichid-pentru-rufe-albe\/\"]}]},{\"@type\":\"ImageObject\",\"inLanguage\":\"ro-RO\",\"@id\":\"https:\/\/adecor.eu\/production\/produs\/tria-wave-snow-fresh-detergent-lichid-pentru-rufe-albe\/#primaryimage\",\"url\":\"https:\/\/adecor.eu\/production\/wp-content\/uploads\/sites\/2\/2025\/02\/DSC05520.png\",\"contentUrl\":\"https:\/\/adecor.eu\/production\/wp-content\/uploads\/sites\/2\/2025\/02\/DSC05520.png\",\"width\":4000,\"height\":4000},{\"@type\":\"BreadcrumbList\",\"@id\":\"https:\/\/adecor.eu\/production\/produs\/tria-wave-snow-fresh-detergent-lichid-pentru-rufe-albe\/#breadcrumb\",\"itemListElement\":[{\"@type\":\"ListItem\",\"position\":1,\"name\":\"Prima pagin\u0103\",\"item\":\"https:\/\/adecor.eu\/production\/\"},{\"@type\":\"ListItem\",\"position\":2,\"name\":\"Magazin\",\"item\":\"https:\/\/adecor.eu\/production\/magazin\/\"},{\"@type\":\"ListItem\",\"position\":3,\"name\":\"TRIA WAVE SNOW FRESHNESS detergent lichid pentru rufe albe\"}]},{\"@type\":\"WebSite\",\"@id\":\"https:\/\/adecor.eu\/production\/#website\",\"url\":\"https:\/\/adecor.eu\/production\/\",\"name\":\"Adecor Production\",\"description\":\"PRODUCATOR ROMAN DE MOPURI, MATURI, DETERGENTI\",\"publisher\":{\"@id\":\"https:\/\/adecor.eu\/production\/#organization\"},\"potentialAction\":[{\"@type\":\"SearchAction\",\"target\":{\"@type\":\"EntryPoint\",\"urlTemplate\":\"https:\/\/adecor.eu\/production\/?s={search_term_string}\"},\"query-input\":{\"@type\":\"PropertyValueSpecification\",\"valueRequired\":true,\"valueName\":\"search_term_string\"}}],\"inLanguage\":\"ro-RO\"},{\"@type\":\"Organization\",\"@id\":\"https:\/\/adecor.eu\/production\/#organization\",\"name\":\"Adecor Production\",\"url\":\"https:\/\/adecor.eu\/production\/\",\"logo\":{\"@type\":\"ImageObject\",\"inLanguage\":\"ro-RO\",\"@id\":\"https:\/\/adecor.eu\/production\/#\/schema\/logo\/image\/\",\"url\":\"https:\/\/adecor.eu\/production\/wp-content\/uploads\/sites\/2\/2023\/09\/A-Decor-Logo-02.png\",\"contentUrl\":\"https:\/\/adecor.eu\/production\/wp-content\/uploads\/sites\/2\/2023\/09\/A-Decor-Logo-02.png\",\"width\":1000,\"height\":563,\"caption\":\"Adecor Production\"},\"image\":{\"@id\":\"https:\/\/adecor.eu\/production\/#\/schema\/logo\/image\/\"}}]}<\/script>\n<!-- \/ Yoast SEO plugin. -->","yoast_head_json":{"title":"TRIA WAVE SNOW FRESHNESS detergent lichid pentru rufe albe - Adecor Production","description":"Eficient chiar \u0219i la temperaturi sc\u0103zute, economisind energie, ideal pentru rufe albe, contine inalbitor optic pentru a asigura haine de un alb stralucitor!","robots":{"index":"index","follow":"follow","max-snippet":"max-snippet:-1","max-image-preview":"max-image-preview:large","max-video-preview":"max-video-preview:-1"},"canonical":"https:\/\/adecor.eu\/production\/produs\/tria-wave-snow-fresh-detergent-lichid-pentru-rufe-albe\/","og_locale":"ro_RO","og_type":"article","og_title":"TRIA WAVE SNOW FRESHNESS detergent lichid pentru rufe albe - Adecor Production","og_description":"Eficient chiar \u0219i la temperaturi sc\u0103zute, economisind energie, ideal pentru rufe albe, contine inalbitor optic pentru a asigura haine de un alb stralucitor!","og_url":"https:\/\/adecor.eu\/production\/produs\/tria-wave-snow-fresh-detergent-lichid-pentru-rufe-albe\/","og_site_name":"Adecor Production","article_modified_time":"2025-11-09T05:12:16+00:00","og_image":[{"width":1024,"height":1024,"url":"https:\/\/adecor.eu\/production\/wp-content\/uploads\/sites\/2\/2025\/02\/DSC05520-1024x1024.png","type":"image\/png"}],"twitter_card":"summary_large_image","twitter_misc":{"Timp estimat pentru citire":"1 minut"},"schema":{"@context":"https:\/\/schema.org","@graph":[{"@type":"WebPage","@id":"https:\/\/adecor.eu\/production\/produs\/tria-wave-snow-fresh-detergent-lichid-pentru-rufe-albe\/","url":"https:\/\/adecor.eu\/production\/produs\/tria-wave-snow-fresh-detergent-lichid-pentru-rufe-albe\/","name":"TRIA WAVE SNOW FRESHNESS detergent lichid pentru rufe albe - Adecor Production","isPartOf":{"@id":"https:\/\/adecor.eu\/production\/#website"},"primaryImageOfPage":{"@id":"https:\/\/adecor.eu\/production\/produs\/tria-wave-snow-fresh-detergent-lichid-pentru-rufe-albe\/#primaryimage"},"image":{"@id":"https:\/\/adecor.eu\/production\/produs\/tria-wave-snow-fresh-detergent-lichid-pentru-rufe-albe\/#primaryimage"},"thumbnailUrl":"https:\/\/adecor.eu\/production\/wp-content\/uploads\/sites\/2\/2025\/02\/DSC05520.png","datePublished":"2025-02-07T04:14:12+00:00","dateModified":"2025-11-09T05:12:16+00:00","description":"Eficient chiar \u0219i la temperaturi sc\u0103zute, economisind energie, ideal pentru rufe albe, contine inalbitor optic pentru a asigura haine de un alb stralucitor!","breadcrumb":{"@id":"https:\/\/adecor.eu\/production\/produs\/tria-wave-snow-fresh-detergent-lichid-pentru-rufe-albe\/#breadcrumb"},"inLanguage":"ro-RO","potentialAction":[{"@type":"ReadAction","target":["https:\/\/adecor.eu\/production\/produs\/tria-wave-snow-fresh-detergent-lichid-pentru-rufe-albe\/"]}]},{"@type":"ImageObject","inLanguage":"ro-RO","@id":"https:\/\/adecor.eu\/production\/produs\/tria-wave-snow-fresh-detergent-lichid-pentru-rufe-albe\/#primaryimage","url":"https:\/\/adecor.eu\/production\/wp-content\/uploads\/sites\/2\/2025\/02\/DSC05520.png","contentUrl":"https:\/\/adecor.eu\/production\/wp-content\/uploads\/sites\/2\/2025\/02\/DSC05520.png","width":4000,"height":4000},{"@type":"BreadcrumbList","@id":"https:\/\/adecor.eu\/production\/produs\/tria-wave-snow-fresh-detergent-lichid-pentru-rufe-albe\/#breadcrumb","itemListElement":[{"@type":"ListItem","position":1,"name":"Prima pagin\u0103","item":"https:\/\/adecor.eu\/production\/"},{"@type":"ListItem","position":2,"name":"Magazin","item":"https:\/\/adecor.eu\/production\/magazin\/"},{"@type":"ListItem","position":3,"name":"TRIA WAVE SNOW FRESHNESS detergent lichid pentru rufe albe"}]},{"@type":"WebSite","@id":"https:\/\/adecor.eu\/production\/#website","url":"https:\/\/adecor.eu\/production\/","name":"Adecor Production","description":"PRODUCATOR ROMAN DE MOPURI, MATURI, DETERGENTI","publisher":{"@id":"https:\/\/adecor.eu\/production\/#organization"},"potentialAction":[{"@type":"SearchAction","target":{"@type":"EntryPoint","urlTemplate":"https:\/\/adecor.eu\/production\/?s={search_term_string}"},"query-input":{"@type":"PropertyValueSpecification","valueRequired":true,"valueName":"search_term_string"}}],"inLanguage":"ro-RO"},{"@type":"Organization","@id":"https:\/\/adecor.eu\/production\/#organization","name":"Adecor Production","url":"https:\/\/adecor.eu\/production\/","logo":{"@type":"ImageObject","inLanguage":"ro-RO","@id":"https:\/\/adecor.eu\/production\/#\/schema\/logo\/image\/","url":"https:\/\/adecor.eu\/production\/wp-content\/uploads\/sites\/2\/2023\/09\/A-Decor-Logo-02.png","contentUrl":"https:\/\/adecor.eu\/production\/wp-content\/uploads\/sites\/2\/2023\/09\/A-Decor-Logo-02.png","width":1000,"height":563,"caption":"Adecor Production"},"image":{"@id":"https:\/\/adecor.eu\/production\/#\/schema\/logo\/image\/"}}]}},"jetpack_sharing_enabled":true,"_links":{"self":[{"href":"https:\/\/adecor.eu\/production\/wp-json\/wp\/v2\/product\/117","targetHints":{"allow":["GET"]}}],"collection":[{"href":"https:\/\/adecor.eu\/production\/wp-json\/wp\/v2\/product"}],"about":[{"href":"https:\/\/adecor.eu\/production\/wp-json\/wp\/v2\/types\/product"}],"wp:featuredmedia":[{"embeddable":true,"href":"https:\/\/adecor.eu\/production\/wp-json\/wp\/v2\/media\/118"}],"wp:attachment":[{"href":"https:\/\/adecor.eu\/production\/wp-json\/wp\/v2\/media?parent=117"}],"wp:term":[{"taxonomy":"product_brand","embeddable":true,"href":"https:\/\/adecor.eu\/production\/wp-json\/wp\/v2\/product_brand?post=117"},{"taxonomy":"product_cat","embeddable":true,"href":"https:\/\/adecor.eu\/production\/wp-json\/wp\/v2\/product_cat?post=117"},{"taxonomy":"product_tag","embeddable":true,"href":"https:\/\/adecor.eu\/production\/wp-json\/wp\/v2\/product_tag?post=117"}],"curies":[{"name":"wp","href":"https:\/\/api.w.org\/{rel}","templated":true}]}}