{"id":125,"date":"2025-02-07T04:30:39","date_gmt":"2025-02-07T04:30:39","guid":{"rendered":"https:\/\/adecor.eu\/production\/?post_type=product&#038;p=125"},"modified":"2025-11-09T05:35:50","modified_gmt":"2025-11-09T05:35:50","slug":"tria-velvet-balsam-de-rufe-exotic-3l","status":"publish","type":"product","link":"https:\/\/adecor.eu\/production\/produs\/tria-velvet-balsam-de-rufe-exotic-3l\/","title":{"rendered":"TRIA VELVET balsam de rufe exotic 3L"},"content":{"rendered":"<p><img fetchpriority=\"high\" decoding=\"async\" class=\"alignnone size-large wp-image-126\" src=\"https:\/\/adecor.eu\/production\/wp-content\/uploads\/sites\/2\/2025\/02\/DSC05558-Edit-1024x1024.png\" alt=\"\" width=\"1024\" height=\"1024\" srcset=\"https:\/\/adecor.eu\/production\/wp-content\/uploads\/sites\/2\/2025\/02\/DSC05558-Edit-1024x1024.png 1024w, https:\/\/adecor.eu\/production\/wp-content\/uploads\/sites\/2\/2025\/02\/DSC05558-Edit-300x300.png 300w, https:\/\/adecor.eu\/production\/wp-content\/uploads\/sites\/2\/2025\/02\/DSC05558-Edit-150x150.png 150w, https:\/\/adecor.eu\/production\/wp-content\/uploads\/sites\/2\/2025\/02\/DSC05558-Edit-768x768.png 768w, https:\/\/adecor.eu\/production\/wp-content\/uploads\/sites\/2\/2025\/02\/DSC05558-Edit-1536x1536.png 1536w, https:\/\/adecor.eu\/production\/wp-content\/uploads\/sites\/2\/2025\/02\/DSC05558-Edit-2048x2048.png 2048w, https:\/\/adecor.eu\/production\/wp-content\/uploads\/sites\/2\/2025\/02\/DSC05558-Edit-600x600.png 600w, https:\/\/adecor.eu\/production\/wp-content\/uploads\/sites\/2\/2025\/02\/DSC05558-Edit-100x100.png 100w\" sizes=\"(max-width: 1024px) 100vw, 1024px\" \/><\/p>\n","protected":false},"excerpt":{"rendered":"<p><strong>Miros irezistibil<\/strong> \u2013 parfum sofisticat care persist\u0103 zile \u00eentregi<br \/>\n<strong>Haine moi ca m\u0103tasea<\/strong> \u2013 pentru un confort absolut<br \/>\n<strong>Protec\u021bie pentru \u021bes\u0103turi<\/strong> \u2013 prelunge\u0219te via\u021ba hainelor tale<br \/>\n<strong>U\u0219or de c\u0103lcat<\/strong> \u2013 reduce \u0219ifonarea \u0219i face c\u0103lcatul o pl\u0103cere<\/p>\n<p>Tria Velvet \u2013 <strong>prospe\u021bime greu de egalat, delicate\u021be des\u0103v\u00e2r\u0219it\u0103.<\/strong><\/p>\n","protected":false},"featured_media":126,"template":"","meta":[],"product_brand":[],"product_cat":[22],"product_tag":[34,56],"class_list":{"0":"post-125","1":"product","2":"type-product","3":"status-publish","4":"has-post-thumbnail","6":"product_cat-detergenti-profesionali","7":"product_tag-balsam-de-rufe","8":"product_tag-balsam-de-rufe-superparfumat","10":"first","11":"instock","12":"shipping-taxable","13":"product-type-simple"},"yoast_head":"<!-- This site is optimized with the Yoast SEO plugin v24.5 - https:\/\/yoast.com\/wordpress\/plugins\/seo\/ -->\n<title>TRIA VELVET balsam de rufe exotic 3L - Adecor Production<\/title>\n<meta name=\"description\" content=\"parfum sofisticat care persist\u0103 zile \u00eentregi Haine moi ca m\u0103tasea,pentru un confort protec\u021bie pentru \u021bes\u0103turi, reduce \u0219ifonarea \u0219i face c\u0103lcatul o pl\u0103cere\" \/>\n<meta name=\"robots\" content=\"index, follow, max-snippet:-1, max-image-preview:large, max-video-preview:-1\" \/>\n<link rel=\"canonical\" href=\"https:\/\/adecor.eu\/production\/produs\/tria-velvet-balsam-de-rufe-exotic-3l\/\" \/>\n<meta property=\"og:locale\" content=\"ro_RO\" \/>\n<meta property=\"og:type\" content=\"article\" \/>\n<meta property=\"og:title\" content=\"TRIA VELVET balsam de rufe exotic 3L - Adecor Production\" \/>\n<meta property=\"og:description\" content=\"parfum sofisticat care persist\u0103 zile \u00eentregi Haine moi ca m\u0103tasea,pentru un confort protec\u021bie pentru \u021bes\u0103turi, reduce \u0219ifonarea \u0219i face c\u0103lcatul o pl\u0103cere\" \/>\n<meta property=\"og:url\" content=\"https:\/\/adecor.eu\/production\/produs\/tria-velvet-balsam-de-rufe-exotic-3l\/\" \/>\n<meta property=\"og:site_name\" content=\"Adecor Production\" \/>\n<meta property=\"article:modified_time\" content=\"2025-11-09T05:35:50+00:00\" \/>\n<meta property=\"og:image\" content=\"https:\/\/adecor.eu\/production\/wp-content\/uploads\/sites\/2\/2025\/02\/DSC05558-Edit-1024x1024.png\" \/>\n\t<meta property=\"og:image:width\" content=\"1024\" \/>\n\t<meta property=\"og:image:height\" content=\"1024\" \/>\n\t<meta property=\"og:image:type\" content=\"image\/png\" \/>\n<meta name=\"twitter:card\" content=\"summary_large_image\" \/>\n<meta name=\"twitter:label1\" content=\"Timp estimat pentru citire\" \/>\n\t<meta name=\"twitter:data1\" content=\"1 minut\" \/>\n<script type=\"application\/ld+json\" class=\"yoast-schema-graph\">{\"@context\":\"https:\/\/schema.org\",\"@graph\":[{\"@type\":\"WebPage\",\"@id\":\"https:\/\/adecor.eu\/production\/produs\/tria-velvet-balsam-de-rufe-exotic-3l\/\",\"url\":\"https:\/\/adecor.eu\/production\/produs\/tria-velvet-balsam-de-rufe-exotic-3l\/\",\"name\":\"TRIA VELVET balsam de rufe exotic 3L - Adecor Production\",\"isPartOf\":{\"@id\":\"https:\/\/adecor.eu\/production\/#website\"},\"primaryImageOfPage\":{\"@id\":\"https:\/\/adecor.eu\/production\/produs\/tria-velvet-balsam-de-rufe-exotic-3l\/#primaryimage\"},\"image\":{\"@id\":\"https:\/\/adecor.eu\/production\/produs\/tria-velvet-balsam-de-rufe-exotic-3l\/#primaryimage\"},\"thumbnailUrl\":\"https:\/\/adecor.eu\/production\/wp-content\/uploads\/sites\/2\/2025\/02\/DSC05558-Edit.png\",\"datePublished\":\"2025-02-07T04:30:39+00:00\",\"dateModified\":\"2025-11-09T05:35:50+00:00\",\"description\":\"parfum sofisticat care persist\u0103 zile \u00eentregi Haine moi ca m\u0103tasea,pentru un confort protec\u021bie pentru \u021bes\u0103turi, reduce \u0219ifonarea \u0219i face c\u0103lcatul o pl\u0103cere\",\"breadcrumb\":{\"@id\":\"https:\/\/adecor.eu\/production\/produs\/tria-velvet-balsam-de-rufe-exotic-3l\/#breadcrumb\"},\"inLanguage\":\"ro-RO\",\"potentialAction\":[{\"@type\":\"ReadAction\",\"target\":[\"https:\/\/adecor.eu\/production\/produs\/tria-velvet-balsam-de-rufe-exotic-3l\/\"]}]},{\"@type\":\"ImageObject\",\"inLanguage\":\"ro-RO\",\"@id\":\"https:\/\/adecor.eu\/production\/produs\/tria-velvet-balsam-de-rufe-exotic-3l\/#primaryimage\",\"url\":\"https:\/\/adecor.eu\/production\/wp-content\/uploads\/sites\/2\/2025\/02\/DSC05558-Edit.png\",\"contentUrl\":\"https:\/\/adecor.eu\/production\/wp-content\/uploads\/sites\/2\/2025\/02\/DSC05558-Edit.png\",\"width\":4000,\"height\":4000},{\"@type\":\"BreadcrumbList\",\"@id\":\"https:\/\/adecor.eu\/production\/produs\/tria-velvet-balsam-de-rufe-exotic-3l\/#breadcrumb\",\"itemListElement\":[{\"@type\":\"ListItem\",\"position\":1,\"name\":\"Prima pagin\u0103\",\"item\":\"https:\/\/adecor.eu\/production\/\"},{\"@type\":\"ListItem\",\"position\":2,\"name\":\"Magazin\",\"item\":\"https:\/\/adecor.eu\/production\/magazin\/\"},{\"@type\":\"ListItem\",\"position\":3,\"name\":\"TRIA VELVET balsam de rufe exotic 3L\"}]},{\"@type\":\"WebSite\",\"@id\":\"https:\/\/adecor.eu\/production\/#website\",\"url\":\"https:\/\/adecor.eu\/production\/\",\"name\":\"Adecor Production\",\"description\":\"PRODUCATOR ROMAN DE MOPURI, MATURI, DETERGENTI\",\"publisher\":{\"@id\":\"https:\/\/adecor.eu\/production\/#organization\"},\"potentialAction\":[{\"@type\":\"SearchAction\",\"target\":{\"@type\":\"EntryPoint\",\"urlTemplate\":\"https:\/\/adecor.eu\/production\/?s={search_term_string}\"},\"query-input\":{\"@type\":\"PropertyValueSpecification\",\"valueRequired\":true,\"valueName\":\"search_term_string\"}}],\"inLanguage\":\"ro-RO\"},{\"@type\":\"Organization\",\"@id\":\"https:\/\/adecor.eu\/production\/#organization\",\"name\":\"Adecor Production\",\"url\":\"https:\/\/adecor.eu\/production\/\",\"logo\":{\"@type\":\"ImageObject\",\"inLanguage\":\"ro-RO\",\"@id\":\"https:\/\/adecor.eu\/production\/#\/schema\/logo\/image\/\",\"url\":\"https:\/\/adecor.eu\/production\/wp-content\/uploads\/sites\/2\/2023\/09\/A-Decor-Logo-02.png\",\"contentUrl\":\"https:\/\/adecor.eu\/production\/wp-content\/uploads\/sites\/2\/2023\/09\/A-Decor-Logo-02.png\",\"width\":1000,\"height\":563,\"caption\":\"Adecor Production\"},\"image\":{\"@id\":\"https:\/\/adecor.eu\/production\/#\/schema\/logo\/image\/\"}}]}<\/script>\n<!-- \/ Yoast SEO plugin. -->","yoast_head_json":{"title":"TRIA VELVET balsam de rufe exotic 3L - Adecor Production","description":"parfum sofisticat care persist\u0103 zile \u00eentregi Haine moi ca m\u0103tasea,pentru un confort protec\u021bie pentru \u021bes\u0103turi, reduce \u0219ifonarea \u0219i face c\u0103lcatul o pl\u0103cere","robots":{"index":"index","follow":"follow","max-snippet":"max-snippet:-1","max-image-preview":"max-image-preview:large","max-video-preview":"max-video-preview:-1"},"canonical":"https:\/\/adecor.eu\/production\/produs\/tria-velvet-balsam-de-rufe-exotic-3l\/","og_locale":"ro_RO","og_type":"article","og_title":"TRIA VELVET balsam de rufe exotic 3L - Adecor Production","og_description":"parfum sofisticat care persist\u0103 zile \u00eentregi Haine moi ca m\u0103tasea,pentru un confort protec\u021bie pentru \u021bes\u0103turi, reduce \u0219ifonarea \u0219i face c\u0103lcatul o pl\u0103cere","og_url":"https:\/\/adecor.eu\/production\/produs\/tria-velvet-balsam-de-rufe-exotic-3l\/","og_site_name":"Adecor Production","article_modified_time":"2025-11-09T05:35:50+00:00","og_image":[{"width":1024,"height":1024,"url":"https:\/\/adecor.eu\/production\/wp-content\/uploads\/sites\/2\/2025\/02\/DSC05558-Edit-1024x1024.png","type":"image\/png"}],"twitter_card":"summary_large_image","twitter_misc":{"Timp estimat pentru citire":"1 minut"},"schema":{"@context":"https:\/\/schema.org","@graph":[{"@type":"WebPage","@id":"https:\/\/adecor.eu\/production\/produs\/tria-velvet-balsam-de-rufe-exotic-3l\/","url":"https:\/\/adecor.eu\/production\/produs\/tria-velvet-balsam-de-rufe-exotic-3l\/","name":"TRIA VELVET balsam de rufe exotic 3L - Adecor Production","isPartOf":{"@id":"https:\/\/adecor.eu\/production\/#website"},"primaryImageOfPage":{"@id":"https:\/\/adecor.eu\/production\/produs\/tria-velvet-balsam-de-rufe-exotic-3l\/#primaryimage"},"image":{"@id":"https:\/\/adecor.eu\/production\/produs\/tria-velvet-balsam-de-rufe-exotic-3l\/#primaryimage"},"thumbnailUrl":"https:\/\/adecor.eu\/production\/wp-content\/uploads\/sites\/2\/2025\/02\/DSC05558-Edit.png","datePublished":"2025-02-07T04:30:39+00:00","dateModified":"2025-11-09T05:35:50+00:00","description":"parfum sofisticat care persist\u0103 zile \u00eentregi Haine moi ca m\u0103tasea,pentru un confort protec\u021bie pentru \u021bes\u0103turi, reduce \u0219ifonarea \u0219i face c\u0103lcatul o pl\u0103cere","breadcrumb":{"@id":"https:\/\/adecor.eu\/production\/produs\/tria-velvet-balsam-de-rufe-exotic-3l\/#breadcrumb"},"inLanguage":"ro-RO","potentialAction":[{"@type":"ReadAction","target":["https:\/\/adecor.eu\/production\/produs\/tria-velvet-balsam-de-rufe-exotic-3l\/"]}]},{"@type":"ImageObject","inLanguage":"ro-RO","@id":"https:\/\/adecor.eu\/production\/produs\/tria-velvet-balsam-de-rufe-exotic-3l\/#primaryimage","url":"https:\/\/adecor.eu\/production\/wp-content\/uploads\/sites\/2\/2025\/02\/DSC05558-Edit.png","contentUrl":"https:\/\/adecor.eu\/production\/wp-content\/uploads\/sites\/2\/2025\/02\/DSC05558-Edit.png","width":4000,"height":4000},{"@type":"BreadcrumbList","@id":"https:\/\/adecor.eu\/production\/produs\/tria-velvet-balsam-de-rufe-exotic-3l\/#breadcrumb","itemListElement":[{"@type":"ListItem","position":1,"name":"Prima pagin\u0103","item":"https:\/\/adecor.eu\/production\/"},{"@type":"ListItem","position":2,"name":"Magazin","item":"https:\/\/adecor.eu\/production\/magazin\/"},{"@type":"ListItem","position":3,"name":"TRIA VELVET balsam de rufe exotic 3L"}]},{"@type":"WebSite","@id":"https:\/\/adecor.eu\/production\/#website","url":"https:\/\/adecor.eu\/production\/","name":"Adecor Production","description":"PRODUCATOR ROMAN DE MOPURI, MATURI, DETERGENTI","publisher":{"@id":"https:\/\/adecor.eu\/production\/#organization"},"potentialAction":[{"@type":"SearchAction","target":{"@type":"EntryPoint","urlTemplate":"https:\/\/adecor.eu\/production\/?s={search_term_string}"},"query-input":{"@type":"PropertyValueSpecification","valueRequired":true,"valueName":"search_term_string"}}],"inLanguage":"ro-RO"},{"@type":"Organization","@id":"https:\/\/adecor.eu\/production\/#organization","name":"Adecor Production","url":"https:\/\/adecor.eu\/production\/","logo":{"@type":"ImageObject","inLanguage":"ro-RO","@id":"https:\/\/adecor.eu\/production\/#\/schema\/logo\/image\/","url":"https:\/\/adecor.eu\/production\/wp-content\/uploads\/sites\/2\/2023\/09\/A-Decor-Logo-02.png","contentUrl":"https:\/\/adecor.eu\/production\/wp-content\/uploads\/sites\/2\/2023\/09\/A-Decor-Logo-02.png","width":1000,"height":563,"caption":"Adecor Production"},"image":{"@id":"https:\/\/adecor.eu\/production\/#\/schema\/logo\/image\/"}}]}},"jetpack_sharing_enabled":true,"_links":{"self":[{"href":"https:\/\/adecor.eu\/production\/wp-json\/wp\/v2\/product\/125","targetHints":{"allow":["GET"]}}],"collection":[{"href":"https:\/\/adecor.eu\/production\/wp-json\/wp\/v2\/product"}],"about":[{"href":"https:\/\/adecor.eu\/production\/wp-json\/wp\/v2\/types\/product"}],"wp:featuredmedia":[{"embeddable":true,"href":"https:\/\/adecor.eu\/production\/wp-json\/wp\/v2\/media\/126"}],"wp:attachment":[{"href":"https:\/\/adecor.eu\/production\/wp-json\/wp\/v2\/media?parent=125"}],"wp:term":[{"taxonomy":"product_brand","embeddable":true,"href":"https:\/\/adecor.eu\/production\/wp-json\/wp\/v2\/product_brand?post=125"},{"taxonomy":"product_cat","embeddable":true,"href":"https:\/\/adecor.eu\/production\/wp-json\/wp\/v2\/product_cat?post=125"},{"taxonomy":"product_tag","embeddable":true,"href":"https:\/\/adecor.eu\/production\/wp-json\/wp\/v2\/product_tag?post=125"}],"curies":[{"name":"wp","href":"https:\/\/api.w.org\/{rel}","templated":true}]}}