{"id":129,"date":"2025-02-09T05:20:15","date_gmt":"2025-02-09T05:20:15","guid":{"rendered":"https:\/\/adecor.eu\/production\/?post_type=product&#038;p=129"},"modified":"2025-11-09T05:16:00","modified_gmt":"2025-11-09T05:16:00","slug":"tria-best-detergent-lichid-de-vase-2l","status":"publish","type":"product","link":"https:\/\/adecor.eu\/production\/produs\/tria-best-detergent-lichid-de-vase-2l\/","title":{"rendered":"TRIA BEST detergent de vase 2l"},"content":{"rendered":"<p><img fetchpriority=\"high\" decoding=\"async\" class=\"alignnone size-large wp-image-130\" src=\"https:\/\/adecor.eu\/production\/wp-content\/uploads\/sites\/2\/2025\/02\/DSC05540-Edit-1024x1024.png\" alt=\"\" width=\"1024\" height=\"1024\" srcset=\"https:\/\/adecor.eu\/production\/wp-content\/uploads\/sites\/2\/2025\/02\/DSC05540-Edit-1024x1024.png 1024w, https:\/\/adecor.eu\/production\/wp-content\/uploads\/sites\/2\/2025\/02\/DSC05540-Edit-300x300.png 300w, https:\/\/adecor.eu\/production\/wp-content\/uploads\/sites\/2\/2025\/02\/DSC05540-Edit-150x150.png 150w, https:\/\/adecor.eu\/production\/wp-content\/uploads\/sites\/2\/2025\/02\/DSC05540-Edit-768x768.png 768w, https:\/\/adecor.eu\/production\/wp-content\/uploads\/sites\/2\/2025\/02\/DSC05540-Edit-1536x1536.png 1536w, https:\/\/adecor.eu\/production\/wp-content\/uploads\/sites\/2\/2025\/02\/DSC05540-Edit-2048x2048.png 2048w, https:\/\/adecor.eu\/production\/wp-content\/uploads\/sites\/2\/2025\/02\/DSC05540-Edit-600x600.png 600w, https:\/\/adecor.eu\/production\/wp-content\/uploads\/sites\/2\/2025\/02\/DSC05540-Edit-100x100.png 100w\" sizes=\"(max-width: 1024px) 100vw, 1024px\" \/><\/p>\n","protected":false},"excerpt":{"rendered":"<p><strong>C<\/strong>u formula sa concentrat\u0103 \u0219i parfumul proasp\u0103t, detergentul <strong>Tria Best<\/strong> elimin\u0103 gr\u0103simea rapid \u0219i eficient, l\u0103s\u00e2nd vasele impecabile \u0219i str\u0103lucitoare.<\/p>\n<p><strong>Cur\u0103\u021b\u0103 rapid \u0219i eficient<\/strong><br \/>\n<strong>Bl\u00e2nd cu m\u00e2inile, dur cu murd\u0103ria<\/strong><br \/>\n<strong>Arom\u0103 fresh de lamaie pentru o buc\u0103t\u0103rie pl\u0103cut\u0103<\/strong><br \/>\n<strong>Economic \u2013 o pic\u0103tur\u0103 face minuni!<\/strong><\/p>\n","protected":false},"featured_media":130,"template":"","meta":[],"product_brand":[],"product_cat":[22],"product_tag":[57],"class_list":{"0":"post-129","1":"product","2":"type-product","3":"status-publish","4":"has-post-thumbnail","6":"product_cat-detergenti-profesionali","7":"product_tag-deteregent-de-vase","9":"first","10":"instock","11":"shipping-taxable","12":"product-type-simple"},"yoast_head":"<!-- This site is optimized with the Yoast SEO plugin v24.5 - https:\/\/yoast.com\/wordpress\/plugins\/seo\/ -->\n<title>TRIA BEST detergent de vase 2l - Adecor Production<\/title>\n<meta name=\"description\" content=\"Cur\u0103\u021b\u0103 rapid \u0219i eficientBl\u00e2nd cu m\u00e2inile, dur cu murd\u0103riaArom\u0103 fresh de lamaie pentru o buc\u0103t\u0103rie pl\u0103cut\u0103Economic \u2013 o pic\u0103tur\u0103 face minuni!\" \/>\n<meta name=\"robots\" content=\"index, follow, max-snippet:-1, max-image-preview:large, max-video-preview:-1\" \/>\n<link rel=\"canonical\" href=\"https:\/\/adecor.eu\/production\/produs\/tria-best-detergent-lichid-de-vase-2l\/\" \/>\n<meta property=\"og:locale\" content=\"ro_RO\" \/>\n<meta property=\"og:type\" content=\"article\" \/>\n<meta property=\"og:title\" content=\"TRIA BEST detergent de vase 2l - Adecor Production\" \/>\n<meta property=\"og:description\" content=\"Cur\u0103\u021b\u0103 rapid \u0219i eficientBl\u00e2nd cu m\u00e2inile, dur cu murd\u0103riaArom\u0103 fresh de lamaie pentru o buc\u0103t\u0103rie pl\u0103cut\u0103Economic \u2013 o pic\u0103tur\u0103 face minuni!\" \/>\n<meta property=\"og:url\" content=\"https:\/\/adecor.eu\/production\/produs\/tria-best-detergent-lichid-de-vase-2l\/\" \/>\n<meta property=\"og:site_name\" content=\"Adecor Production\" \/>\n<meta property=\"article:modified_time\" content=\"2025-11-09T05:16:00+00:00\" \/>\n<meta property=\"og:image\" content=\"https:\/\/adecor.eu\/production\/wp-content\/uploads\/sites\/2\/2025\/02\/DSC05540-Edit-1024x1024.png\" \/>\n\t<meta property=\"og:image:width\" content=\"1024\" \/>\n\t<meta property=\"og:image:height\" content=\"1024\" \/>\n\t<meta property=\"og:image:type\" content=\"image\/png\" \/>\n<meta name=\"twitter:card\" content=\"summary_large_image\" \/>\n<meta name=\"twitter:label1\" content=\"Timp estimat pentru citire\" \/>\n\t<meta name=\"twitter:data1\" content=\"1 minut\" \/>\n<script type=\"application\/ld+json\" class=\"yoast-schema-graph\">{\"@context\":\"https:\/\/schema.org\",\"@graph\":[{\"@type\":\"WebPage\",\"@id\":\"https:\/\/adecor.eu\/production\/produs\/tria-best-detergent-lichid-de-vase-2l\/\",\"url\":\"https:\/\/adecor.eu\/production\/produs\/tria-best-detergent-lichid-de-vase-2l\/\",\"name\":\"TRIA BEST detergent de vase 2l - Adecor Production\",\"isPartOf\":{\"@id\":\"https:\/\/adecor.eu\/production\/#website\"},\"primaryImageOfPage\":{\"@id\":\"https:\/\/adecor.eu\/production\/produs\/tria-best-detergent-lichid-de-vase-2l\/#primaryimage\"},\"image\":{\"@id\":\"https:\/\/adecor.eu\/production\/produs\/tria-best-detergent-lichid-de-vase-2l\/#primaryimage\"},\"thumbnailUrl\":\"https:\/\/adecor.eu\/production\/wp-content\/uploads\/sites\/2\/2025\/02\/DSC05540-Edit.png\",\"datePublished\":\"2025-02-09T05:20:15+00:00\",\"dateModified\":\"2025-11-09T05:16:00+00:00\",\"description\":\"Cur\u0103\u021b\u0103 rapid \u0219i eficientBl\u00e2nd cu m\u00e2inile, dur cu murd\u0103riaArom\u0103 fresh de lamaie pentru o buc\u0103t\u0103rie pl\u0103cut\u0103Economic \u2013 o pic\u0103tur\u0103 face minuni!\",\"breadcrumb\":{\"@id\":\"https:\/\/adecor.eu\/production\/produs\/tria-best-detergent-lichid-de-vase-2l\/#breadcrumb\"},\"inLanguage\":\"ro-RO\",\"potentialAction\":[{\"@type\":\"ReadAction\",\"target\":[\"https:\/\/adecor.eu\/production\/produs\/tria-best-detergent-lichid-de-vase-2l\/\"]}]},{\"@type\":\"ImageObject\",\"inLanguage\":\"ro-RO\",\"@id\":\"https:\/\/adecor.eu\/production\/produs\/tria-best-detergent-lichid-de-vase-2l\/#primaryimage\",\"url\":\"https:\/\/adecor.eu\/production\/wp-content\/uploads\/sites\/2\/2025\/02\/DSC05540-Edit.png\",\"contentUrl\":\"https:\/\/adecor.eu\/production\/wp-content\/uploads\/sites\/2\/2025\/02\/DSC05540-Edit.png\",\"width\":4000,\"height\":4000},{\"@type\":\"BreadcrumbList\",\"@id\":\"https:\/\/adecor.eu\/production\/produs\/tria-best-detergent-lichid-de-vase-2l\/#breadcrumb\",\"itemListElement\":[{\"@type\":\"ListItem\",\"position\":1,\"name\":\"Prima pagin\u0103\",\"item\":\"https:\/\/adecor.eu\/production\/\"},{\"@type\":\"ListItem\",\"position\":2,\"name\":\"Magazin\",\"item\":\"https:\/\/adecor.eu\/production\/magazin\/\"},{\"@type\":\"ListItem\",\"position\":3,\"name\":\"TRIA BEST detergent de vase 2l\"}]},{\"@type\":\"WebSite\",\"@id\":\"https:\/\/adecor.eu\/production\/#website\",\"url\":\"https:\/\/adecor.eu\/production\/\",\"name\":\"Adecor Production\",\"description\":\"PRODUCATOR ROMAN DE MOPURI, MATURI, DETERGENTI\",\"publisher\":{\"@id\":\"https:\/\/adecor.eu\/production\/#organization\"},\"potentialAction\":[{\"@type\":\"SearchAction\",\"target\":{\"@type\":\"EntryPoint\",\"urlTemplate\":\"https:\/\/adecor.eu\/production\/?s={search_term_string}\"},\"query-input\":{\"@type\":\"PropertyValueSpecification\",\"valueRequired\":true,\"valueName\":\"search_term_string\"}}],\"inLanguage\":\"ro-RO\"},{\"@type\":\"Organization\",\"@id\":\"https:\/\/adecor.eu\/production\/#organization\",\"name\":\"Adecor Production\",\"url\":\"https:\/\/adecor.eu\/production\/\",\"logo\":{\"@type\":\"ImageObject\",\"inLanguage\":\"ro-RO\",\"@id\":\"https:\/\/adecor.eu\/production\/#\/schema\/logo\/image\/\",\"url\":\"https:\/\/adecor.eu\/production\/wp-content\/uploads\/sites\/2\/2023\/09\/A-Decor-Logo-02.png\",\"contentUrl\":\"https:\/\/adecor.eu\/production\/wp-content\/uploads\/sites\/2\/2023\/09\/A-Decor-Logo-02.png\",\"width\":1000,\"height\":563,\"caption\":\"Adecor Production\"},\"image\":{\"@id\":\"https:\/\/adecor.eu\/production\/#\/schema\/logo\/image\/\"}}]}<\/script>\n<!-- \/ Yoast SEO plugin. -->","yoast_head_json":{"title":"TRIA BEST detergent de vase 2l - Adecor Production","description":"Cur\u0103\u021b\u0103 rapid \u0219i eficientBl\u00e2nd cu m\u00e2inile, dur cu murd\u0103riaArom\u0103 fresh de lamaie pentru o buc\u0103t\u0103rie pl\u0103cut\u0103Economic \u2013 o pic\u0103tur\u0103 face minuni!","robots":{"index":"index","follow":"follow","max-snippet":"max-snippet:-1","max-image-preview":"max-image-preview:large","max-video-preview":"max-video-preview:-1"},"canonical":"https:\/\/adecor.eu\/production\/produs\/tria-best-detergent-lichid-de-vase-2l\/","og_locale":"ro_RO","og_type":"article","og_title":"TRIA BEST detergent de vase 2l - Adecor Production","og_description":"Cur\u0103\u021b\u0103 rapid \u0219i eficientBl\u00e2nd cu m\u00e2inile, dur cu murd\u0103riaArom\u0103 fresh de lamaie pentru o buc\u0103t\u0103rie pl\u0103cut\u0103Economic \u2013 o pic\u0103tur\u0103 face minuni!","og_url":"https:\/\/adecor.eu\/production\/produs\/tria-best-detergent-lichid-de-vase-2l\/","og_site_name":"Adecor Production","article_modified_time":"2025-11-09T05:16:00+00:00","og_image":[{"width":1024,"height":1024,"url":"https:\/\/adecor.eu\/production\/wp-content\/uploads\/sites\/2\/2025\/02\/DSC05540-Edit-1024x1024.png","type":"image\/png"}],"twitter_card":"summary_large_image","twitter_misc":{"Timp estimat pentru citire":"1 minut"},"schema":{"@context":"https:\/\/schema.org","@graph":[{"@type":"WebPage","@id":"https:\/\/adecor.eu\/production\/produs\/tria-best-detergent-lichid-de-vase-2l\/","url":"https:\/\/adecor.eu\/production\/produs\/tria-best-detergent-lichid-de-vase-2l\/","name":"TRIA BEST detergent de vase 2l - Adecor Production","isPartOf":{"@id":"https:\/\/adecor.eu\/production\/#website"},"primaryImageOfPage":{"@id":"https:\/\/adecor.eu\/production\/produs\/tria-best-detergent-lichid-de-vase-2l\/#primaryimage"},"image":{"@id":"https:\/\/adecor.eu\/production\/produs\/tria-best-detergent-lichid-de-vase-2l\/#primaryimage"},"thumbnailUrl":"https:\/\/adecor.eu\/production\/wp-content\/uploads\/sites\/2\/2025\/02\/DSC05540-Edit.png","datePublished":"2025-02-09T05:20:15+00:00","dateModified":"2025-11-09T05:16:00+00:00","description":"Cur\u0103\u021b\u0103 rapid \u0219i eficientBl\u00e2nd cu m\u00e2inile, dur cu murd\u0103riaArom\u0103 fresh de lamaie pentru o buc\u0103t\u0103rie pl\u0103cut\u0103Economic \u2013 o pic\u0103tur\u0103 face minuni!","breadcrumb":{"@id":"https:\/\/adecor.eu\/production\/produs\/tria-best-detergent-lichid-de-vase-2l\/#breadcrumb"},"inLanguage":"ro-RO","potentialAction":[{"@type":"ReadAction","target":["https:\/\/adecor.eu\/production\/produs\/tria-best-detergent-lichid-de-vase-2l\/"]}]},{"@type":"ImageObject","inLanguage":"ro-RO","@id":"https:\/\/adecor.eu\/production\/produs\/tria-best-detergent-lichid-de-vase-2l\/#primaryimage","url":"https:\/\/adecor.eu\/production\/wp-content\/uploads\/sites\/2\/2025\/02\/DSC05540-Edit.png","contentUrl":"https:\/\/adecor.eu\/production\/wp-content\/uploads\/sites\/2\/2025\/02\/DSC05540-Edit.png","width":4000,"height":4000},{"@type":"BreadcrumbList","@id":"https:\/\/adecor.eu\/production\/produs\/tria-best-detergent-lichid-de-vase-2l\/#breadcrumb","itemListElement":[{"@type":"ListItem","position":1,"name":"Prima pagin\u0103","item":"https:\/\/adecor.eu\/production\/"},{"@type":"ListItem","position":2,"name":"Magazin","item":"https:\/\/adecor.eu\/production\/magazin\/"},{"@type":"ListItem","position":3,"name":"TRIA BEST detergent de vase 2l"}]},{"@type":"WebSite","@id":"https:\/\/adecor.eu\/production\/#website","url":"https:\/\/adecor.eu\/production\/","name":"Adecor Production","description":"PRODUCATOR ROMAN DE MOPURI, MATURI, DETERGENTI","publisher":{"@id":"https:\/\/adecor.eu\/production\/#organization"},"potentialAction":[{"@type":"SearchAction","target":{"@type":"EntryPoint","urlTemplate":"https:\/\/adecor.eu\/production\/?s={search_term_string}"},"query-input":{"@type":"PropertyValueSpecification","valueRequired":true,"valueName":"search_term_string"}}],"inLanguage":"ro-RO"},{"@type":"Organization","@id":"https:\/\/adecor.eu\/production\/#organization","name":"Adecor Production","url":"https:\/\/adecor.eu\/production\/","logo":{"@type":"ImageObject","inLanguage":"ro-RO","@id":"https:\/\/adecor.eu\/production\/#\/schema\/logo\/image\/","url":"https:\/\/adecor.eu\/production\/wp-content\/uploads\/sites\/2\/2023\/09\/A-Decor-Logo-02.png","contentUrl":"https:\/\/adecor.eu\/production\/wp-content\/uploads\/sites\/2\/2023\/09\/A-Decor-Logo-02.png","width":1000,"height":563,"caption":"Adecor Production"},"image":{"@id":"https:\/\/adecor.eu\/production\/#\/schema\/logo\/image\/"}}]}},"jetpack_sharing_enabled":true,"_links":{"self":[{"href":"https:\/\/adecor.eu\/production\/wp-json\/wp\/v2\/product\/129","targetHints":{"allow":["GET"]}}],"collection":[{"href":"https:\/\/adecor.eu\/production\/wp-json\/wp\/v2\/product"}],"about":[{"href":"https:\/\/adecor.eu\/production\/wp-json\/wp\/v2\/types\/product"}],"wp:featuredmedia":[{"embeddable":true,"href":"https:\/\/adecor.eu\/production\/wp-json\/wp\/v2\/media\/130"}],"wp:attachment":[{"href":"https:\/\/adecor.eu\/production\/wp-json\/wp\/v2\/media?parent=129"}],"wp:term":[{"taxonomy":"product_brand","embeddable":true,"href":"https:\/\/adecor.eu\/production\/wp-json\/wp\/v2\/product_brand?post=129"},{"taxonomy":"product_cat","embeddable":true,"href":"https:\/\/adecor.eu\/production\/wp-json\/wp\/v2\/product_cat?post=129"},{"taxonomy":"product_tag","embeddable":true,"href":"https:\/\/adecor.eu\/production\/wp-json\/wp\/v2\/product_tag?post=129"}],"curies":[{"name":"wp","href":"https:\/\/api.w.org\/{rel}","templated":true}]}}