{"id":164,"date":"2025-11-09T04:36:26","date_gmt":"2025-11-09T04:36:26","guid":{"rendered":"https:\/\/adecor.eu\/production\/?post_type=product&#038;p=164"},"modified":"2025-11-09T04:36:26","modified_gmt":"2025-11-09T04:36:26","slug":"tria-best-detergent-de-vase-1l","status":"publish","type":"product","link":"https:\/\/adecor.eu\/production\/produs\/tria-best-detergent-de-vase-1l\/","title":{"rendered":"Tria Best detergent de vase 1L"},"content":{"rendered":"<p><img fetchpriority=\"high\" decoding=\"async\" class=\"alignnone size-large wp-image-165\" src=\"https:\/\/adecor.eu\/production\/wp-content\/uploads\/sites\/2\/2025\/11\/TRIA-BEST-768x1024.png\" alt=\"\" width=\"768\" height=\"1024\" srcset=\"https:\/\/adecor.eu\/production\/wp-content\/uploads\/sites\/2\/2025\/11\/TRIA-BEST-768x1024.png 768w, https:\/\/adecor.eu\/production\/wp-content\/uploads\/sites\/2\/2025\/11\/TRIA-BEST-225x300.png 225w, https:\/\/adecor.eu\/production\/wp-content\/uploads\/sites\/2\/2025\/11\/TRIA-BEST-1152x1536.png 1152w, https:\/\/adecor.eu\/production\/wp-content\/uploads\/sites\/2\/2025\/11\/TRIA-BEST-600x800.png 600w, https:\/\/adecor.eu\/production\/wp-content\/uploads\/sites\/2\/2025\/11\/TRIA-BEST.png 1200w\" sizes=\"(max-width: 768px) 100vw, 768px\" \/><\/p>\n","protected":false},"excerpt":{"rendered":"<h3><b>\u00a0Tria Best detergent de vase<\/b><\/h3>\n<p>&nbsp;<\/p>\n<p><b>Degresare eficienta:<\/b> O singur\u0103 pic\u0103tur\u0103 concentrat\u0103 este suficient\u0103 pentru a cur\u0103\u021ba o mul\u021bime de vase, f\u0103c\u00e2nd sp\u0103latul rapid \u0219i eficient.<\/p>\n<p><b>Str\u0103lucire F\u0103r\u0103 D\u00e2re:<\/b> Vasele, tac\u00e2murile \u0219i paharele tale vor straluci, f\u0103r\u0103 acele d\u00e2re inestetice.<\/p>\n<p><b>Bl\u00e2nd cu M\u00e2inile:<\/b> \u00cen ciuda puterii sale extraordinare, Tria Best este \u00eembog\u0103\u021bit cu agen\u021bi de hidratare, fiind <b>delicat cu pielea ta<\/b>. Sp\u0103larea vaselor nu trebuie s\u0103 \u00eensemne m\u00e2ini uscate \u0219i aspre!<\/p>\n","protected":false},"featured_media":165,"template":"","meta":[],"product_brand":[],"product_cat":[22],"product_tag":[],"class_list":{"0":"post-164","1":"product","2":"type-product","3":"status-publish","4":"has-post-thumbnail","6":"product_cat-detergenti-profesionali","8":"first","9":"instock","10":"shipping-taxable","11":"product-type-simple"},"yoast_head":"<!-- This site is optimized with the Yoast SEO plugin v24.5 - https:\/\/yoast.com\/wordpress\/plugins\/seo\/ -->\n<title>Tria Best detergent de vase 1L - Adecor Production<\/title>\n<meta name=\"description\" content=\"O singur\u0103 pic\u0103tur\u0103 este suficient\u0103 pentru a cur\u0103\u021ba o mul\u021bime de vase, este \u00eembog\u0103\u021bit cu agen\u021bi de hidratare, fiind delicat cu pielea ta\" \/>\n<meta name=\"robots\" content=\"index, follow, max-snippet:-1, max-image-preview:large, max-video-preview:-1\" \/>\n<link rel=\"canonical\" href=\"https:\/\/adecor.eu\/production\/produs\/tria-best-detergent-de-vase-1l\/\" \/>\n<meta property=\"og:locale\" content=\"ro_RO\" \/>\n<meta property=\"og:type\" content=\"article\" \/>\n<meta property=\"og:title\" content=\"Tria Best detergent de vase 1L - Adecor Production\" \/>\n<meta property=\"og:description\" content=\"O singur\u0103 pic\u0103tur\u0103 este suficient\u0103 pentru a cur\u0103\u021ba o mul\u021bime de vase, este \u00eembog\u0103\u021bit cu agen\u021bi de hidratare, fiind delicat cu pielea ta\" \/>\n<meta property=\"og:url\" content=\"https:\/\/adecor.eu\/production\/produs\/tria-best-detergent-de-vase-1l\/\" \/>\n<meta property=\"og:site_name\" content=\"Adecor Production\" \/>\n<meta property=\"og:image\" content=\"https:\/\/adecor.eu\/production\/wp-content\/uploads\/sites\/2\/2025\/11\/TRIA-BEST.png\" \/>\n\t<meta property=\"og:image:width\" content=\"1200\" \/>\n\t<meta property=\"og:image:height\" content=\"1600\" \/>\n\t<meta property=\"og:image:type\" content=\"image\/png\" \/>\n<meta name=\"twitter:card\" content=\"summary_large_image\" \/>\n<meta name=\"twitter:label1\" content=\"Timp estimat pentru citire\" \/>\n\t<meta name=\"twitter:data1\" content=\"1 minut\" \/>\n<script type=\"application\/ld+json\" class=\"yoast-schema-graph\">{\"@context\":\"https:\/\/schema.org\",\"@graph\":[{\"@type\":\"WebPage\",\"@id\":\"https:\/\/adecor.eu\/production\/produs\/tria-best-detergent-de-vase-1l\/\",\"url\":\"https:\/\/adecor.eu\/production\/produs\/tria-best-detergent-de-vase-1l\/\",\"name\":\"Tria Best detergent de vase 1L - Adecor Production\",\"isPartOf\":{\"@id\":\"https:\/\/adecor.eu\/production\/#website\"},\"primaryImageOfPage\":{\"@id\":\"https:\/\/adecor.eu\/production\/produs\/tria-best-detergent-de-vase-1l\/#primaryimage\"},\"image\":{\"@id\":\"https:\/\/adecor.eu\/production\/produs\/tria-best-detergent-de-vase-1l\/#primaryimage\"},\"thumbnailUrl\":\"https:\/\/adecor.eu\/production\/wp-content\/uploads\/sites\/2\/2025\/11\/TRIA-BEST.png\",\"datePublished\":\"2025-11-09T04:36:26+00:00\",\"description\":\"O singur\u0103 pic\u0103tur\u0103 este suficient\u0103 pentru a cur\u0103\u021ba o mul\u021bime de vase, este \u00eembog\u0103\u021bit cu agen\u021bi de hidratare, fiind delicat cu pielea ta\",\"breadcrumb\":{\"@id\":\"https:\/\/adecor.eu\/production\/produs\/tria-best-detergent-de-vase-1l\/#breadcrumb\"},\"inLanguage\":\"ro-RO\",\"potentialAction\":[{\"@type\":\"ReadAction\",\"target\":[\"https:\/\/adecor.eu\/production\/produs\/tria-best-detergent-de-vase-1l\/\"]}]},{\"@type\":\"ImageObject\",\"inLanguage\":\"ro-RO\",\"@id\":\"https:\/\/adecor.eu\/production\/produs\/tria-best-detergent-de-vase-1l\/#primaryimage\",\"url\":\"https:\/\/adecor.eu\/production\/wp-content\/uploads\/sites\/2\/2025\/11\/TRIA-BEST.png\",\"contentUrl\":\"https:\/\/adecor.eu\/production\/wp-content\/uploads\/sites\/2\/2025\/11\/TRIA-BEST.png\",\"width\":1200,\"height\":1600},{\"@type\":\"BreadcrumbList\",\"@id\":\"https:\/\/adecor.eu\/production\/produs\/tria-best-detergent-de-vase-1l\/#breadcrumb\",\"itemListElement\":[{\"@type\":\"ListItem\",\"position\":1,\"name\":\"Prima pagin\u0103\",\"item\":\"https:\/\/adecor.eu\/production\/\"},{\"@type\":\"ListItem\",\"position\":2,\"name\":\"Magazin\",\"item\":\"https:\/\/adecor.eu\/production\/magazin\/\"},{\"@type\":\"ListItem\",\"position\":3,\"name\":\"Tria Best detergent de vase 1L\"}]},{\"@type\":\"WebSite\",\"@id\":\"https:\/\/adecor.eu\/production\/#website\",\"url\":\"https:\/\/adecor.eu\/production\/\",\"name\":\"Adecor Production\",\"description\":\"PRODUCATOR ROMAN DE MOPURI, MATURI, DETERGENTI\",\"publisher\":{\"@id\":\"https:\/\/adecor.eu\/production\/#organization\"},\"potentialAction\":[{\"@type\":\"SearchAction\",\"target\":{\"@type\":\"EntryPoint\",\"urlTemplate\":\"https:\/\/adecor.eu\/production\/?s={search_term_string}\"},\"query-input\":{\"@type\":\"PropertyValueSpecification\",\"valueRequired\":true,\"valueName\":\"search_term_string\"}}],\"inLanguage\":\"ro-RO\"},{\"@type\":\"Organization\",\"@id\":\"https:\/\/adecor.eu\/production\/#organization\",\"name\":\"Adecor Production\",\"url\":\"https:\/\/adecor.eu\/production\/\",\"logo\":{\"@type\":\"ImageObject\",\"inLanguage\":\"ro-RO\",\"@id\":\"https:\/\/adecor.eu\/production\/#\/schema\/logo\/image\/\",\"url\":\"https:\/\/adecor.eu\/production\/wp-content\/uploads\/sites\/2\/2023\/09\/A-Decor-Logo-02.png\",\"contentUrl\":\"https:\/\/adecor.eu\/production\/wp-content\/uploads\/sites\/2\/2023\/09\/A-Decor-Logo-02.png\",\"width\":1000,\"height\":563,\"caption\":\"Adecor Production\"},\"image\":{\"@id\":\"https:\/\/adecor.eu\/production\/#\/schema\/logo\/image\/\"}}]}<\/script>\n<!-- \/ Yoast SEO plugin. -->","yoast_head_json":{"title":"Tria Best detergent de vase 1L - Adecor Production","description":"O singur\u0103 pic\u0103tur\u0103 este suficient\u0103 pentru a cur\u0103\u021ba o mul\u021bime de vase, este \u00eembog\u0103\u021bit cu agen\u021bi de hidratare, fiind delicat cu pielea ta","robots":{"index":"index","follow":"follow","max-snippet":"max-snippet:-1","max-image-preview":"max-image-preview:large","max-video-preview":"max-video-preview:-1"},"canonical":"https:\/\/adecor.eu\/production\/produs\/tria-best-detergent-de-vase-1l\/","og_locale":"ro_RO","og_type":"article","og_title":"Tria Best detergent de vase 1L - Adecor Production","og_description":"O singur\u0103 pic\u0103tur\u0103 este suficient\u0103 pentru a cur\u0103\u021ba o mul\u021bime de vase, este \u00eembog\u0103\u021bit cu agen\u021bi de hidratare, fiind delicat cu pielea ta","og_url":"https:\/\/adecor.eu\/production\/produs\/tria-best-detergent-de-vase-1l\/","og_site_name":"Adecor Production","og_image":[{"width":1200,"height":1600,"url":"https:\/\/adecor.eu\/production\/wp-content\/uploads\/sites\/2\/2025\/11\/TRIA-BEST.png","type":"image\/png"}],"twitter_card":"summary_large_image","twitter_misc":{"Timp estimat pentru citire":"1 minut"},"schema":{"@context":"https:\/\/schema.org","@graph":[{"@type":"WebPage","@id":"https:\/\/adecor.eu\/production\/produs\/tria-best-detergent-de-vase-1l\/","url":"https:\/\/adecor.eu\/production\/produs\/tria-best-detergent-de-vase-1l\/","name":"Tria Best detergent de vase 1L - Adecor Production","isPartOf":{"@id":"https:\/\/adecor.eu\/production\/#website"},"primaryImageOfPage":{"@id":"https:\/\/adecor.eu\/production\/produs\/tria-best-detergent-de-vase-1l\/#primaryimage"},"image":{"@id":"https:\/\/adecor.eu\/production\/produs\/tria-best-detergent-de-vase-1l\/#primaryimage"},"thumbnailUrl":"https:\/\/adecor.eu\/production\/wp-content\/uploads\/sites\/2\/2025\/11\/TRIA-BEST.png","datePublished":"2025-11-09T04:36:26+00:00","description":"O singur\u0103 pic\u0103tur\u0103 este suficient\u0103 pentru a cur\u0103\u021ba o mul\u021bime de vase, este \u00eembog\u0103\u021bit cu agen\u021bi de hidratare, fiind delicat cu pielea ta","breadcrumb":{"@id":"https:\/\/adecor.eu\/production\/produs\/tria-best-detergent-de-vase-1l\/#breadcrumb"},"inLanguage":"ro-RO","potentialAction":[{"@type":"ReadAction","target":["https:\/\/adecor.eu\/production\/produs\/tria-best-detergent-de-vase-1l\/"]}]},{"@type":"ImageObject","inLanguage":"ro-RO","@id":"https:\/\/adecor.eu\/production\/produs\/tria-best-detergent-de-vase-1l\/#primaryimage","url":"https:\/\/adecor.eu\/production\/wp-content\/uploads\/sites\/2\/2025\/11\/TRIA-BEST.png","contentUrl":"https:\/\/adecor.eu\/production\/wp-content\/uploads\/sites\/2\/2025\/11\/TRIA-BEST.png","width":1200,"height":1600},{"@type":"BreadcrumbList","@id":"https:\/\/adecor.eu\/production\/produs\/tria-best-detergent-de-vase-1l\/#breadcrumb","itemListElement":[{"@type":"ListItem","position":1,"name":"Prima pagin\u0103","item":"https:\/\/adecor.eu\/production\/"},{"@type":"ListItem","position":2,"name":"Magazin","item":"https:\/\/adecor.eu\/production\/magazin\/"},{"@type":"ListItem","position":3,"name":"Tria Best detergent de vase 1L"}]},{"@type":"WebSite","@id":"https:\/\/adecor.eu\/production\/#website","url":"https:\/\/adecor.eu\/production\/","name":"Adecor Production","description":"PRODUCATOR ROMAN DE MOPURI, MATURI, DETERGENTI","publisher":{"@id":"https:\/\/adecor.eu\/production\/#organization"},"potentialAction":[{"@type":"SearchAction","target":{"@type":"EntryPoint","urlTemplate":"https:\/\/adecor.eu\/production\/?s={search_term_string}"},"query-input":{"@type":"PropertyValueSpecification","valueRequired":true,"valueName":"search_term_string"}}],"inLanguage":"ro-RO"},{"@type":"Organization","@id":"https:\/\/adecor.eu\/production\/#organization","name":"Adecor Production","url":"https:\/\/adecor.eu\/production\/","logo":{"@type":"ImageObject","inLanguage":"ro-RO","@id":"https:\/\/adecor.eu\/production\/#\/schema\/logo\/image\/","url":"https:\/\/adecor.eu\/production\/wp-content\/uploads\/sites\/2\/2023\/09\/A-Decor-Logo-02.png","contentUrl":"https:\/\/adecor.eu\/production\/wp-content\/uploads\/sites\/2\/2023\/09\/A-Decor-Logo-02.png","width":1000,"height":563,"caption":"Adecor Production"},"image":{"@id":"https:\/\/adecor.eu\/production\/#\/schema\/logo\/image\/"}}]}},"jetpack_sharing_enabled":true,"_links":{"self":[{"href":"https:\/\/adecor.eu\/production\/wp-json\/wp\/v2\/product\/164","targetHints":{"allow":["GET"]}}],"collection":[{"href":"https:\/\/adecor.eu\/production\/wp-json\/wp\/v2\/product"}],"about":[{"href":"https:\/\/adecor.eu\/production\/wp-json\/wp\/v2\/types\/product"}],"wp:featuredmedia":[{"embeddable":true,"href":"https:\/\/adecor.eu\/production\/wp-json\/wp\/v2\/media\/165"}],"wp:attachment":[{"href":"https:\/\/adecor.eu\/production\/wp-json\/wp\/v2\/media?parent=164"}],"wp:term":[{"taxonomy":"product_brand","embeddable":true,"href":"https:\/\/adecor.eu\/production\/wp-json\/wp\/v2\/product_brand?post=164"},{"taxonomy":"product_cat","embeddable":true,"href":"https:\/\/adecor.eu\/production\/wp-json\/wp\/v2\/product_cat?post=164"},{"taxonomy":"product_tag","embeddable":true,"href":"https:\/\/adecor.eu\/production\/wp-json\/wp\/v2\/product_tag?post=164"}],"curies":[{"name":"wp","href":"https:\/\/api.w.org\/{rel}","templated":true}]}}